{"id":713,"date":"2025-02-20T21:10:50","date_gmt":"2025-02-20T19:10:50","guid":{"rendered":"https:\/\/submit-iasi.ro\/about-project\/"},"modified":"2025-02-20T21:10:50","modified_gmt":"2025-02-20T19:10:50","slug":"about-project","status":"publish","type":"page","link":"https:\/\/submit-iasi.ro\/en\/about-project\/","title":{"rendered":"About project"},"content":{"rendered":"<p><img loading=\"lazy\" decoding=\"async\" class=\"alignnone  wp-image-702\" src=\"https:\/\/submit-iasi.ro\/wp-content\/uploads\/2025\/02\/Comunicat-de-presa_SUBMIT-SRL1-1-232x300.png\" alt=\"\" width=\"1375\" height=\"1778\" srcset=\"https:\/\/submit-iasi.ro\/wp-content\/uploads\/2025\/02\/Comunicat-de-presa_SUBMIT-SRL1-1-232x300.png 232w, https:\/\/submit-iasi.ro\/wp-content\/uploads\/2025\/02\/Comunicat-de-presa_SUBMIT-SRL1-1-791x1024.png 791w, https:\/\/submit-iasi.ro\/wp-content\/uploads\/2025\/02\/Comunicat-de-presa_SUBMIT-SRL1-1-768x994.png 768w, https:\/\/submit-iasi.ro\/wp-content\/uploads\/2025\/02\/Comunicat-de-presa_SUBMIT-SRL1-1-1187x1536.png 1187w, https:\/\/submit-iasi.ro\/wp-content\/uploads\/2025\/02\/Comunicat-de-presa_SUBMIT-SRL1-1-1583x2048.png 1583w, https:\/\/submit-iasi.ro\/wp-content\/uploads\/2025\/02\/Comunicat-de-presa_SUBMIT-SRL1-1.png 1700w\" sizes=\"auto, (max-width: 1375px) 100vw, 1375px\" \/><\/p>\n<p style=\"text-align: center;\">Pentru informa\u021bii detaliate despre celelalte programe cofinan\u021bate de Uniunea European\u0103, v\u0103 invit\u0103m s\u0103 vizita\u021bi <a href=\"https:\/\/mfe.gov.ro\/\">https:\/\/mfe.gov.ro\/<\/a><\/p>\n","protected":false},"excerpt":{"rendered":"<p>Pentru informa\u021bii detaliate despre celelalte programe cofinan\u021bate de Uniunea European\u0103, v\u0103 invit\u0103m s\u0103 vizita\u021bi https:\/\/mfe.gov.ro\/<\/p>\n","protected":false},"author":1,"featured_media":0,"parent":0,"menu_order":0,"comment_status":"closed","ping_status":"closed","template":"","meta":{"_acf_changed":false,"inline_featured_image":false,"footnotes":""},"class_list":["post-713","page","type-page","status-publish","hentry"],"acf":[],"yoast_head":"<!-- This site is optimized with the Yoast SEO plugin v24.0 - https:\/\/yoast.com\/wordpress\/plugins\/seo\/ -->\n<title>About project - Submit Iasi<\/title>\n<meta name=\"robots\" content=\"index, follow, max-snippet:-1, max-image-preview:large, max-video-preview:-1\" \/>\n<link rel=\"canonical\" href=\"https:\/\/submit-iasi.ro\/en\/about-project\/\" \/>\n<meta property=\"og:locale\" content=\"en_US\" \/>\n<meta property=\"og:type\" content=\"article\" \/>\n<meta property=\"og:title\" content=\"About project - Submit Iasi\" \/>\n<meta property=\"og:description\" content=\"Pentru informa\u021bii detaliate despre celelalte programe cofinan\u021bate de Uniunea European\u0103, v\u0103 invit\u0103m s\u0103 vizita\u021bi https:\/\/mfe.gov.ro\/\" \/>\n<meta property=\"og:url\" content=\"https:\/\/submit-iasi.ro\/en\/about-project\/\" \/>\n<meta property=\"og:site_name\" content=\"Submit Iasi\" \/>\n<meta property=\"og:image\" content=\"https:\/\/submit-iasi.ro\/wp-content\/uploads\/2025\/02\/Comunicat-de-presa_SUBMIT-SRL1-1.png\" \/>\n\t<meta property=\"og:image:width\" content=\"1700\" \/>\n\t<meta property=\"og:image:height\" content=\"2200\" \/>\n\t<meta property=\"og:image:type\" content=\"image\/png\" \/>\n<meta name=\"twitter:card\" content=\"summary_large_image\" \/>\n<script type=\"application\/ld+json\" class=\"yoast-schema-graph\">{\"@context\":\"https:\/\/schema.org\",\"@graph\":[{\"@type\":\"WebPage\",\"@id\":\"https:\/\/submit-iasi.ro\/en\/about-project\/\",\"url\":\"https:\/\/submit-iasi.ro\/en\/about-project\/\",\"name\":\"About project - Submit Iasi\",\"isPartOf\":{\"@id\":\"https:\/\/submit-iasi.ro\/en\/#website\"},\"primaryImageOfPage\":{\"@id\":\"https:\/\/submit-iasi.ro\/en\/about-project\/#primaryimage\"},\"image\":{\"@id\":\"https:\/\/submit-iasi.ro\/en\/about-project\/#primaryimage\"},\"thumbnailUrl\":\"https:\/\/submit-iasi.ro\/wp-content\/uploads\/2025\/02\/Comunicat-de-presa_SUBMIT-SRL1-1-232x300.png\",\"datePublished\":\"2025-02-20T19:10:50+00:00\",\"dateModified\":\"2025-02-20T19:10:50+00:00\",\"breadcrumb\":{\"@id\":\"https:\/\/submit-iasi.ro\/en\/about-project\/#breadcrumb\"},\"inLanguage\":\"en-US\",\"potentialAction\":[{\"@type\":\"ReadAction\",\"target\":[\"https:\/\/submit-iasi.ro\/en\/about-project\/\"]}]},{\"@type\":\"ImageObject\",\"inLanguage\":\"en-US\",\"@id\":\"https:\/\/submit-iasi.ro\/en\/about-project\/#primaryimage\",\"url\":\"https:\/\/submit-iasi.ro\/wp-content\/uploads\/2025\/02\/Comunicat-de-presa_SUBMIT-SRL1-1-232x300.png\",\"contentUrl\":\"https:\/\/submit-iasi.ro\/wp-content\/uploads\/2025\/02\/Comunicat-de-presa_SUBMIT-SRL1-1-232x300.png\"},{\"@type\":\"BreadcrumbList\",\"@id\":\"https:\/\/submit-iasi.ro\/en\/about-project\/#breadcrumb\",\"itemListElement\":[{\"@type\":\"ListItem\",\"position\":1,\"name\":\"Prima pagin\u0103\",\"item\":\"https:\/\/submit-iasi.ro\/en\/\"},{\"@type\":\"ListItem\",\"position\":2,\"name\":\"About project\"}]},{\"@type\":\"WebSite\",\"@id\":\"https:\/\/submit-iasi.ro\/en\/#website\",\"url\":\"https:\/\/submit-iasi.ro\/en\/\",\"name\":\"Submit Iasi\",\"description\":\"Test\",\"publisher\":{\"@id\":\"https:\/\/submit-iasi.ro\/en\/#organization\"},\"potentialAction\":[{\"@type\":\"SearchAction\",\"target\":{\"@type\":\"EntryPoint\",\"urlTemplate\":\"https:\/\/submit-iasi.ro\/en\/?s={search_term_string}\"},\"query-input\":{\"@type\":\"PropertyValueSpecification\",\"valueRequired\":true,\"valueName\":\"search_term_string\"}}],\"inLanguage\":\"en-US\"},{\"@type\":\"Organization\",\"@id\":\"https:\/\/submit-iasi.ro\/en\/#organization\",\"name\":\"Submit Iasi\",\"url\":\"https:\/\/submit-iasi.ro\/en\/\",\"logo\":{\"@type\":\"ImageObject\",\"inLanguage\":\"en-US\",\"@id\":\"https:\/\/submit-iasi.ro\/en\/#\/schema\/logo\/image\/\",\"url\":\"https:\/\/submit-iasi.ro\/wp-content\/uploads\/2024\/01\/screenshot.png\",\"contentUrl\":\"https:\/\/submit-iasi.ro\/wp-content\/uploads\/2024\/01\/screenshot.png\",\"width\":600,\"height\":600,\"caption\":\"Submit Iasi\"},\"image\":{\"@id\":\"https:\/\/submit-iasi.ro\/en\/#\/schema\/logo\/image\/\"}}]}<\/script>\n<!-- \/ Yoast SEO plugin. -->","yoast_head_json":{"title":"About project - Submit Iasi","robots":{"index":"index","follow":"follow","max-snippet":"max-snippet:-1","max-image-preview":"max-image-preview:large","max-video-preview":"max-video-preview:-1"},"canonical":"https:\/\/submit-iasi.ro\/en\/about-project\/","og_locale":"en_US","og_type":"article","og_title":"About project - Submit Iasi","og_description":"Pentru informa\u021bii detaliate despre celelalte programe cofinan\u021bate de Uniunea European\u0103, v\u0103 invit\u0103m s\u0103 vizita\u021bi https:\/\/mfe.gov.ro\/","og_url":"https:\/\/submit-iasi.ro\/en\/about-project\/","og_site_name":"Submit Iasi","og_image":[{"width":1700,"height":2200,"url":"https:\/\/submit-iasi.ro\/wp-content\/uploads\/2025\/02\/Comunicat-de-presa_SUBMIT-SRL1-1.png","type":"image\/png"}],"twitter_card":"summary_large_image","schema":{"@context":"https:\/\/schema.org","@graph":[{"@type":"WebPage","@id":"https:\/\/submit-iasi.ro\/en\/about-project\/","url":"https:\/\/submit-iasi.ro\/en\/about-project\/","name":"About project - Submit Iasi","isPartOf":{"@id":"https:\/\/submit-iasi.ro\/en\/#website"},"primaryImageOfPage":{"@id":"https:\/\/submit-iasi.ro\/en\/about-project\/#primaryimage"},"image":{"@id":"https:\/\/submit-iasi.ro\/en\/about-project\/#primaryimage"},"thumbnailUrl":"https:\/\/submit-iasi.ro\/wp-content\/uploads\/2025\/02\/Comunicat-de-presa_SUBMIT-SRL1-1-232x300.png","datePublished":"2025-02-20T19:10:50+00:00","dateModified":"2025-02-20T19:10:50+00:00","breadcrumb":{"@id":"https:\/\/submit-iasi.ro\/en\/about-project\/#breadcrumb"},"inLanguage":"en-US","potentialAction":[{"@type":"ReadAction","target":["https:\/\/submit-iasi.ro\/en\/about-project\/"]}]},{"@type":"ImageObject","inLanguage":"en-US","@id":"https:\/\/submit-iasi.ro\/en\/about-project\/#primaryimage","url":"https:\/\/submit-iasi.ro\/wp-content\/uploads\/2025\/02\/Comunicat-de-presa_SUBMIT-SRL1-1-232x300.png","contentUrl":"https:\/\/submit-iasi.ro\/wp-content\/uploads\/2025\/02\/Comunicat-de-presa_SUBMIT-SRL1-1-232x300.png"},{"@type":"BreadcrumbList","@id":"https:\/\/submit-iasi.ro\/en\/about-project\/#breadcrumb","itemListElement":[{"@type":"ListItem","position":1,"name":"Prima pagin\u0103","item":"https:\/\/submit-iasi.ro\/en\/"},{"@type":"ListItem","position":2,"name":"About project"}]},{"@type":"WebSite","@id":"https:\/\/submit-iasi.ro\/en\/#website","url":"https:\/\/submit-iasi.ro\/en\/","name":"Submit Iasi","description":"Test","publisher":{"@id":"https:\/\/submit-iasi.ro\/en\/#organization"},"potentialAction":[{"@type":"SearchAction","target":{"@type":"EntryPoint","urlTemplate":"https:\/\/submit-iasi.ro\/en\/?s={search_term_string}"},"query-input":{"@type":"PropertyValueSpecification","valueRequired":true,"valueName":"search_term_string"}}],"inLanguage":"en-US"},{"@type":"Organization","@id":"https:\/\/submit-iasi.ro\/en\/#organization","name":"Submit Iasi","url":"https:\/\/submit-iasi.ro\/en\/","logo":{"@type":"ImageObject","inLanguage":"en-US","@id":"https:\/\/submit-iasi.ro\/en\/#\/schema\/logo\/image\/","url":"https:\/\/submit-iasi.ro\/wp-content\/uploads\/2024\/01\/screenshot.png","contentUrl":"https:\/\/submit-iasi.ro\/wp-content\/uploads\/2024\/01\/screenshot.png","width":600,"height":600,"caption":"Submit Iasi"},"image":{"@id":"https:\/\/submit-iasi.ro\/en\/#\/schema\/logo\/image\/"}}]}},"_links":{"self":[{"href":"https:\/\/submit-iasi.ro\/en\/wp-json\/wp\/v2\/pages\/713","targetHints":{"allow":["GET"]}}],"collection":[{"href":"https:\/\/submit-iasi.ro\/en\/wp-json\/wp\/v2\/pages"}],"about":[{"href":"https:\/\/submit-iasi.ro\/en\/wp-json\/wp\/v2\/types\/page"}],"author":[{"embeddable":true,"href":"https:\/\/submit-iasi.ro\/en\/wp-json\/wp\/v2\/users\/1"}],"replies":[{"embeddable":true,"href":"https:\/\/submit-iasi.ro\/en\/wp-json\/wp\/v2\/comments?post=713"}],"version-history":[{"count":0,"href":"https:\/\/submit-iasi.ro\/en\/wp-json\/wp\/v2\/pages\/713\/revisions"}],"wp:attachment":[{"href":"https:\/\/submit-iasi.ro\/en\/wp-json\/wp\/v2\/media?parent=713"}],"curies":[{"name":"wp","href":"https:\/\/api.w.org\/{rel}","templated":true}]}}